{"id":11,"date":"2025-02-03T14:35:15","date_gmt":"2025-02-03T14:35:15","guid":{"rendered":"https:\/\/electro-kitchen.ma\/cart\/"},"modified":"2025-02-18T15:01:51","modified_gmt":"2025-02-18T15:01:51","slug":"cart","status":"publish","type":"page","link":"https:\/\/electro-kitchen.ma\/?page_id=11","title":{"rendered":"Cart"},"content":{"rendered":"\n<div data-block-name=\"woocommerce\/cart\" class=\"wp-block-woocommerce-cart alignwide is-loading\">\n<div data-block-name=\"woocommerce\/filled-cart-block\" class=\"wp-block-woocommerce-filled-cart-block\">\n<div data-block-name=\"woocommerce\/cart-items-block\" class=\"wp-block-woocommerce-cart-items-block\">\n<div data-block-name=\"woocommerce\/cart-line-items-block\" class=\"wp-block-woocommerce-cart-line-items-block\"><\/div>\n\n\n\n<div data-block-name=\"woocommerce\/cart-cross-sells-block\" class=\"wp-block-woocommerce-cart-cross-sells-block\">\n<h2 class=\"wp-block-heading has-large-font-size\">Vous pourriez \u00eatre int\u00e9ress\u00e9 par\u2026<\/h2>\n\n\n\n<div data-block-name=\"woocommerce\/cart-cross-sells-products-block\" class=\"wp-block-woocommerce-cart-cross-sells-products-block\"><\/div>\n<\/div>\n<\/div>\n\n\n\n<div data-block-name=\"woocommerce\/cart-totals-block\" class=\"wp-block-woocommerce-cart-totals-block\">\n<div data-block-name=\"woocommerce\/cart-order-summary-block\" class=\"wp-block-woocommerce-cart-order-summary-block\">\n<div data-block-name=\"woocommerce\/cart-order-summary-heading-block\" class=\"wp-block-woocommerce-cart-order-summary-heading-block\"><\/div>\n\n\n\n<div data-block-name=\"woocommerce\/cart-order-summary-coupon-form-block\" class=\"wp-block-woocommerce-cart-order-summary-coupon-form-block\"><\/div>\n\n\n\n<div data-block-name=\"woocommerce\/cart-order-summary-totals-block\" class=\"wp-block-woocommerce-cart-order-summary-totals-block\">\n<div data-block-name=\"woocommerce\/cart-order-summary-subtotal-block\" class=\"wp-block-woocommerce-cart-order-summary-subtotal-block\"><\/div>\n\n\n\n<div data-block-name=\"woocommerce\/cart-order-summary-fee-block\" class=\"wp-block-woocommerce-cart-order-summary-fee-block\"><\/div>\n\n\n\n<div data-block-name=\"woocommerce\/cart-order-summary-discount-block\" class=\"wp-block-woocommerce-cart-order-summary-discount-block\"><\/div>\n\n\n\n<div data-block-name=\"woocommerce\/cart-order-summary-shipping-block\" class=\"wp-block-woocommerce-cart-order-summary-shipping-block\"><\/div>\n\n\n\n<div data-block-name=\"woocommerce\/cart-order-summary-taxes-block\" class=\"wp-block-woocommerce-cart-order-summary-taxes-block\"><\/div>\n<\/div>\n<\/div>\n\n\n\n<div data-block-name=\"woocommerce\/cart-express-payment-block\" class=\"wp-block-woocommerce-cart-express-payment-block\"><\/div>\n\n\n\n<div data-block-name=\"woocommerce\/proceed-to-checkout-block\" class=\"wp-block-woocommerce-proceed-to-checkout-block\"><\/div>\n\n\n\n<div data-block-name=\"woocommerce\/cart-accepted-payment-methods-block\" class=\"wp-block-woocommerce-cart-accepted-payment-methods-block\"><\/div>\n<\/div>\n<\/div>\n\n\n\n<div data-block-name=\"woocommerce\/empty-cart-block\" class=\"wp-block-woocommerce-empty-cart-block\">\n<h2 class=\"wp-block-heading has-text-align-center with-empty-cart-icon wc-block-cart__empty-cart__title\">Votre panier est actuellement vide !<\/h2>\n\n\n\n<hr class=\"wp-block-separator has-alpha-channel-opacity is-style-dots\"\/>\n\n\n\n<h2 class=\"wp-block-heading has-text-align-center\">Nouveau en magasin<\/h2>\n\n\n<div data-block-name=\"woocommerce\/product-new\" data-columns=\"4\" data-rows=\"1\" class=\"wc-block-grid wp-block-product-new wp-block-woocommerce-product-new wc-block-product-new has-4-columns\"><ul class=\"wc-block-grid__products\"><li class=\"wc-block-grid__product\">\n\t\t\t\t<a href=\"https:\/\/electro-kitchen.ma\/?product=cheauff-eau-slim-wifi\" class=\"wc-block-grid__product-link\">\n\t\t\t\t\t\n\t\t\t\t\t<div class=\"wc-block-grid__product-image\"><img fetchpriority=\"high\" decoding=\"async\" width=\"300\" height=\"300\" src=\"https:\/\/electro-kitchen.ma\/wp-content\/uploads\/woocommerce-placeholder-300x300.png\" class=\"woocommerce-placeholder wp-post-image\" alt=\"\" srcset=\"https:\/\/electro-kitchen.ma\/wp-content\/uploads\/woocommerce-placeholder-300x300.png 300w, https:\/\/electro-kitchen.ma\/wp-content\/uploads\/woocommerce-placeholder-100x100.png 100w, https:\/\/electro-kitchen.ma\/wp-content\/uploads\/woocommerce-placeholder-600x600.png 600w, https:\/\/electro-kitchen.ma\/wp-content\/uploads\/woocommerce-placeholder-1024x1024.png 1024w, https:\/\/electro-kitchen.ma\/wp-content\/uploads\/woocommerce-placeholder-150x150.png 150w, https:\/\/electro-kitchen.ma\/wp-content\/uploads\/woocommerce-placeholder-768x768.png 768w, https:\/\/electro-kitchen.ma\/wp-content\/uploads\/woocommerce-placeholder.png 1200w\" sizes=\"(max-width: 300px) 100vw, 300px\" \/><\/div>\n\t\t\t\t\t<div class=\"wc-block-grid__product-title\">CHEAUFF EAU SLIM WIFI<\/div>\n\t\t\t\t<\/a>\n\t\t\t\t<div class=\"wc-block-grid__product-price price\"><span class=\"electro-price\"><\/span><\/div>\n\t\t\t\t\n\t\t\t\t<div class=\"wp-block-button wc-block-grid__product-add-to-cart\"><a href=\"https:\/\/electro-kitchen.ma\/?product=cheauff-eau-slim-wifi\" aria-label=\"En savoir plus sur &ldquo;CHEAUFF EAU SLIM WIFI&rdquo;\" data-quantity=\"1\" data-product_id=\"2234\" data-product_sku=\"\" data-price=\"0\" rel=\"nofollow\" class=\"wp-block-button__link  add_to_cart_button\">En savoir plus<\/a><\/div>\n\t\t\t<\/li><li class=\"wc-block-grid__product\">\n\t\t\t\t<a href=\"https:\/\/electro-kitchen.ma\/?product=congelateur-vertical-cv-128x-140l-a-porte-en-inox-inoxydable-resistant-au-emprients-digitales\" class=\"wc-block-grid__product-link\">\n\t\t\t\t\t<div class=\"wc-block-grid__product-onsale\">\n\t\t\t<span aria-hidden=\"true\">Promo<\/span>\n\t\t\t<span class=\"screen-reader-text\">Produit en promotion<\/span>\n\t\t<\/div>\n\t\t\t\t\t<div class=\"wc-block-grid__product-image\"><img decoding=\"async\" width=\"300\" height=\"300\" src=\"https:\/\/electro-kitchen.ma\/wp-content\/uploads\/2025\/05\/CV128-X-300x300.webp\" class=\"attachment-woocommerce_thumbnail size-woocommerce_thumbnail\" alt=\"CONGELATEUR VERTICAL CV-128X 140L - A++\" srcset=\"https:\/\/electro-kitchen.ma\/wp-content\/uploads\/2025\/05\/CV128-X-300x300.webp 300w, https:\/\/electro-kitchen.ma\/wp-content\/uploads\/2025\/05\/CV128-X-150x150.webp 150w, https:\/\/electro-kitchen.ma\/wp-content\/uploads\/2025\/05\/CV128-X-768x768.webp 768w, https:\/\/electro-kitchen.ma\/wp-content\/uploads\/2025\/05\/CV128-X-600x600.webp 600w, https:\/\/electro-kitchen.ma\/wp-content\/uploads\/2025\/05\/CV128-X-100x100.webp 100w, https:\/\/electro-kitchen.ma\/wp-content\/uploads\/2025\/05\/CV128-X.webp 1000w\" sizes=\"(max-width: 300px) 100vw, 300px\" \/><\/div>\n\t\t\t\t\t<div class=\"wc-block-grid__product-title\">CONGELATEUR VERTICAL CV-128X 140L &#8211; A++<\/div>\n\t\t\t\t<\/a>\n\t\t\t\t<div class=\"wc-block-grid__product-price price\"><span class=\"electro-price\"><ins><span class=\"woocommerce-Price-amount amount\">4.600&nbsp;<span class=\"woocommerce-Price-currencySymbol\">DH<\/span><\/span><\/ins> <del><span class=\"woocommerce-Price-amount amount\">5.000&nbsp;<span class=\"woocommerce-Price-currencySymbol\">DH<\/span><\/span><\/del><\/span><\/div>\n\t\t\t\t\n\t\t\t\t<div class=\"wp-block-button wc-block-grid__product-add-to-cart\"><a href=\"\/index.php?rest_route=%2Fwp%2Fv2%2Fpages%2F11&#038;add-to-cart=2007\" aria-label=\"Ajouter au panier\u00a0: &ldquo;CONGELATEUR VERTICAL CV-128X 140L - A++&rdquo;\" data-quantity=\"1\" data-product_id=\"2007\" data-product_sku=\"\" data-price=\"4600\" rel=\"nofollow\" class=\"wp-block-button__link  add_to_cart_button ajax_add_to_cart\">Ajouter au panier<\/a><\/div>\n\t\t\t<\/li><li class=\"wc-block-grid__product\">\n\t\t\t\t<a href=\"https:\/\/electro-kitchen.ma\/?product=plaque-de-cuisson-fq9275-4-feux-gaz-en-inox-emaille-noir-et-gold-chapeaux-de-bruleur-fonte-60cm-allumage-electronique\" class=\"wc-block-grid__product-link\">\n\t\t\t\t\t\n\t\t\t\t\t<div class=\"wc-block-grid__product-image\"><img decoding=\"async\" width=\"300\" height=\"300\" src=\"https:\/\/electro-kitchen.ma\/wp-content\/uploads\/2025\/05\/PLAQUE-RUSTIC-FQ-9275-300x300.webp\" class=\"attachment-woocommerce_thumbnail size-woocommerce_thumbnail\" alt=\"PLAQUE DE CUISSON FQ9275 4 FEUX GAZ EN INOX\" srcset=\"https:\/\/electro-kitchen.ma\/wp-content\/uploads\/2025\/05\/PLAQUE-RUSTIC-FQ-9275-300x300.webp 300w, https:\/\/electro-kitchen.ma\/wp-content\/uploads\/2025\/05\/PLAQUE-RUSTIC-FQ-9275-150x150.webp 150w, https:\/\/electro-kitchen.ma\/wp-content\/uploads\/2025\/05\/PLAQUE-RUSTIC-FQ-9275-768x768.webp 768w, https:\/\/electro-kitchen.ma\/wp-content\/uploads\/2025\/05\/PLAQUE-RUSTIC-FQ-9275-600x600.webp 600w, https:\/\/electro-kitchen.ma\/wp-content\/uploads\/2025\/05\/PLAQUE-RUSTIC-FQ-9275-100x100.webp 100w, https:\/\/electro-kitchen.ma\/wp-content\/uploads\/2025\/05\/PLAQUE-RUSTIC-FQ-9275.webp 1000w\" sizes=\"(max-width: 300px) 100vw, 300px\" \/><\/div>\n\t\t\t\t\t<div class=\"wc-block-grid__product-title\">PLAQUE DE CUISSON FQ9275 4 FEUX GAZ EN INOX<\/div>\n\t\t\t\t<\/a>\n\t\t\t\t<div class=\"wc-block-grid__product-price price\"><span class=\"electro-price\"><span class=\"woocommerce-Price-amount amount\">2.100&nbsp;<span class=\"woocommerce-Price-currencySymbol\">DH<\/span><\/span><\/span><\/div>\n\t\t\t\t\n\t\t\t\t<div class=\"wp-block-button wc-block-grid__product-add-to-cart\"><a href=\"\/index.php?rest_route=%2Fwp%2Fv2%2Fpages%2F11&#038;add-to-cart=2001\" aria-label=\"Ajouter au panier\u00a0: &ldquo;PLAQUE DE CUISSON FQ9275 4 FEUX GAZ EN INOX&rdquo;\" data-quantity=\"1\" data-product_id=\"2001\" data-product_sku=\"\" data-price=\"2100\" rel=\"nofollow\" class=\"wp-block-button__link  add_to_cart_button ajax_add_to_cart\">Ajouter au panier<\/a><\/div>\n\t\t\t<\/li><li class=\"wc-block-grid__product\">\n\t\t\t\t<a href=\"https:\/\/electro-kitchen.ma\/?product=plaque-de-cuisson-yz9481-4-feux-gaz-en-verre-noir-chapeaux-de-bruleur-fonte-60cm-allumage-electronique\" class=\"wc-block-grid__product-link\">\n\t\t\t\t\t\n\t\t\t\t\t<div class=\"wc-block-grid__product-image\"><img loading=\"lazy\" decoding=\"async\" width=\"300\" height=\"300\" src=\"https:\/\/electro-kitchen.ma\/wp-content\/uploads\/2025\/05\/Plaque-YZ9481-300x300.webp\" class=\"attachment-woocommerce_thumbnail size-woocommerce_thumbnail\" alt=\"PLAQUE DE CUISSON YZ9481 4 FEUX GAZ EN VERRE NOIR\" srcset=\"https:\/\/electro-kitchen.ma\/wp-content\/uploads\/2025\/05\/Plaque-YZ9481-300x300.webp 300w, https:\/\/electro-kitchen.ma\/wp-content\/uploads\/2025\/05\/Plaque-YZ9481-150x150.webp 150w, https:\/\/electro-kitchen.ma\/wp-content\/uploads\/2025\/05\/Plaque-YZ9481-768x768.webp 768w, https:\/\/electro-kitchen.ma\/wp-content\/uploads\/2025\/05\/Plaque-YZ9481-600x600.webp 600w, https:\/\/electro-kitchen.ma\/wp-content\/uploads\/2025\/05\/Plaque-YZ9481-100x100.webp 100w, https:\/\/electro-kitchen.ma\/wp-content\/uploads\/2025\/05\/Plaque-YZ9481.webp 1000w\" sizes=\"(max-width: 300px) 100vw, 300px\" \/><\/div>\n\t\t\t\t\t<div class=\"wc-block-grid__product-title\">PLAQUE DE CUISSON YZ9481 4 FEUX GAZ EN VERRE NOIR<\/div>\n\t\t\t\t<\/a>\n\t\t\t\t<div class=\"wc-block-grid__product-price price\"><span class=\"electro-price\"><span class=\"woocommerce-Price-amount amount\">1.900&nbsp;<span class=\"woocommerce-Price-currencySymbol\">DH<\/span><\/span><\/span><\/div>\n\t\t\t\t\n\t\t\t\t<div class=\"wp-block-button wc-block-grid__product-add-to-cart\"><a href=\"\/index.php?rest_route=%2Fwp%2Fv2%2Fpages%2F11&#038;add-to-cart=2000\" aria-label=\"Ajouter au panier\u00a0: &ldquo;PLAQUE DE CUISSON YZ9481 4 FEUX GAZ EN VERRE NOIR&rdquo;\" data-quantity=\"1\" data-product_id=\"2000\" data-product_sku=\"\" data-price=\"1900\" rel=\"nofollow\" class=\"wp-block-button__link  add_to_cart_button ajax_add_to_cart\">Ajouter au panier<\/a><\/div>\n\t\t\t<\/li><\/ul><\/div><\/div>\n<\/div>\n","protected":false},"excerpt":{"rendered":"","protected":false},"author":1,"featured_media":0,"parent":0,"menu_order":0,"comment_status":"closed","ping_status":"closed","template":"","meta":{"_acf_changed":false,"footnotes":""},"class_list":["post-11","page","type-page","status-publish","hentry"],"acf":[],"_links":{"self":[{"href":"https:\/\/electro-kitchen.ma\/index.php?rest_route=\/wp\/v2\/pages\/11","targetHints":{"allow":["GET"]}}],"collection":[{"href":"https:\/\/electro-kitchen.ma\/index.php?rest_route=\/wp\/v2\/pages"}],"about":[{"href":"https:\/\/electro-kitchen.ma\/index.php?rest_route=\/wp\/v2\/types\/page"}],"author":[{"embeddable":true,"href":"https:\/\/electro-kitchen.ma\/index.php?rest_route=\/wp\/v2\/users\/1"}],"replies":[{"embeddable":true,"href":"https:\/\/electro-kitchen.ma\/index.php?rest_route=%2Fwp%2Fv2%2Fcomments&post=11"}],"version-history":[{"count":0,"href":"https:\/\/electro-kitchen.ma\/index.php?rest_route=\/wp\/v2\/pages\/11\/revisions"}],"wp:attachment":[{"href":"https:\/\/electro-kitchen.ma\/index.php?rest_route=%2Fwp%2Fv2%2Fmedia&parent=11"}],"curies":[{"name":"wp","href":"https:\/\/api.w.org\/{rel}","templated":true}]}}